{"id":20744,"date":"2017-08-22T12:46:46","date_gmt":"2017-08-22T10:46:46","guid":{"rendered":"http:\/\/www.sagardoarenlurraldea.eus\/?page_id=20744\/"},"modified":"2017-12-26T12:56:56","modified_gmt":"2017-12-26T10:56:56","slug":"fuerte-de-san-marcos","status":"publish","type":"page","link":"https:\/\/sagardoarenlurraldea.eus\/es\/experiencias\/rutas-seleccionadas\/fuerte-de-san-marcos\/","title":{"rendered":"Fuerte de San Marcos"},"content":{"rendered":"<p><strong>El Fuerte de San Marcos est\u00e1 ubicado en un lugar privilegiado, a menos de 10km de Donostia-San Sebasti\u00e1n, y enmarcado en plena naturaleza. Sin duda alguna es el mirador por excelencia de la comarca de Oarsoaldea.<\/strong><\/p>\n<p>Un lugar id\u00f3neo para pasar el d\u00eda con los ni\u00f1as y ni\u00f1os, con tus amistades, bien paseando a pie, a caballo o bien en mountain-bike. Ideal tambi\u00e9n para estar al aire libre con buen tiempo y al cobijo de sus bicentenarias piedras, en muros de casi dos metros de anchura, durante los d\u00edas lluviosos o invernales.<\/p>\n<p>El fuerte se encuentra muy bien conservado y la rehabilitaci\u00f3n de su foso, Patio de Armas, puente levadizo y terraza superior, permiten al visitante visitar y disfrutar de \u00e9l, al igual que lo hicieron los militares en el a\u00f1o 1888.<\/p>\n<p>Adem\u00e1s, en los \u00faltimos a\u00f1os se ha realizado la Fase del Proyecto Museogr\u00e1fico y Museol\u00f3gico, que han permitido reproducir la actividad original del Fuerte de San Marcos. As\u00ed, el visitante del S. XXI podr\u00e1 trasladarse al s. XIX.<\/p>\n","protected":false},"excerpt":{"rendered":"<p>El Fuerte de San Marcos est\u00e1 ubicado en un lugar privilegiado, a menos de 10km de Donostia-San Sebasti\u00e1n, y enmarcado en plena naturaleza. Sin duda alguna es el mirador por excelencia de la comarca de Oarsoaldea. <\/p>\n","protected":false},"author":1,"featured_media":1484,"parent":98,"menu_order":4,"comment_status":"closed","ping_status":"closed","template":"single-rutas-seleccionadas.php","meta":{"_acf_changed":false,"_et_pb_use_builder":"","_et_pb_old_content":"","_et_gb_content_width":"","footnotes":""},"class_list":["post-20744","page","type-page","status-publish","has-post-thumbnail","hentry"],"acf":[],"yoast_head":"<!-- This site is optimized with the Yoast SEO plugin v25.4 - https:\/\/yoast.com\/wordpress\/plugins\/seo\/ -->\n<title>Fuerte de San Marcos - Sagardoaren Lurraldea<\/title>\n<meta name=\"robots\" content=\"index, follow, max-snippet:-1, max-image-preview:large, max-video-preview:-1\" \/>\n<link rel=\"canonical\" href=\"https:\/\/sagardoarenlurraldea.eus\/es\/experiencias\/rutas-seleccionadas\/fuerte-de-san-marcos\/\" \/>\n<meta property=\"og:locale\" content=\"es_ES\" \/>\n<meta property=\"og:type\" content=\"article\" \/>\n<meta property=\"og:title\" content=\"Fuerte de San Marcos - Sagardoaren Lurraldea\" \/>\n<meta property=\"og:description\" content=\"El Fuerte de San Marcos est\u00e1 ubicado en un lugar privilegiado, a menos de 10km de Donostia-San Sebasti\u00e1n, y enmarcado en plena naturaleza. Sin duda alguna es el mirador por excelencia de la comarca de Oarsoaldea.\" \/>\n<meta property=\"og:url\" content=\"https:\/\/sagardoarenlurraldea.eus\/es\/experiencias\/rutas-seleccionadas\/fuerte-de-san-marcos\/\" \/>\n<meta property=\"og:site_name\" content=\"Sagardoaren Lurraldea\" \/>\n<meta property=\"article:publisher\" content=\"https:\/\/www.facebook.com\/sagardoarenlurraldea\" \/>\n<meta property=\"article:modified_time\" content=\"2017-12-26T10:56:56+00:00\" \/>\n<meta property=\"og:image\" content=\"https:\/\/sagardoarenlurraldea.eus\/wp-content\/uploads\/2016\/08\/Fuerte-de-San-Marcos.jpg\" \/>\n\t<meta property=\"og:image:width\" content=\"800\" \/>\n\t<meta property=\"og:image:height\" content=\"600\" \/>\n\t<meta property=\"og:image:type\" content=\"image\/jpeg\" \/>\n<meta name=\"twitter:card\" content=\"summary_large_image\" \/>\n<meta name=\"twitter:label1\" content=\"Tiempo de lectura\" \/>\n\t<meta name=\"twitter:data1\" content=\"1 minuto\" \/>\n<script type=\"application\/ld+json\" class=\"yoast-schema-graph\">{\"@context\":\"https:\/\/schema.org\",\"@graph\":[{\"@type\":\"WebPage\",\"@id\":\"https:\/\/sagardoarenlurraldea.eus\/es\/experiencias\/rutas-seleccionadas\/fuerte-de-san-marcos\/\",\"url\":\"https:\/\/sagardoarenlurraldea.eus\/es\/experiencias\/rutas-seleccionadas\/fuerte-de-san-marcos\/\",\"name\":\"Fuerte de San Marcos - Sagardoaren Lurraldea\",\"isPartOf\":{\"@id\":\"https:\/\/sagardoarenlurraldea.eus\/es\/#website\"},\"primaryImageOfPage\":{\"@id\":\"https:\/\/sagardoarenlurraldea.eus\/es\/experiencias\/rutas-seleccionadas\/fuerte-de-san-marcos\/#primaryimage\"},\"image\":{\"@id\":\"https:\/\/sagardoarenlurraldea.eus\/es\/experiencias\/rutas-seleccionadas\/fuerte-de-san-marcos\/#primaryimage\"},\"thumbnailUrl\":\"https:\/\/sagardoarenlurraldea.eus\/wp-content\/uploads\/2016\/08\/Fuerte-de-San-Marcos.jpg\",\"datePublished\":\"2017-08-22T10:46:46+00:00\",\"dateModified\":\"2017-12-26T10:56:56+00:00\",\"breadcrumb\":{\"@id\":\"https:\/\/sagardoarenlurraldea.eus\/es\/experiencias\/rutas-seleccionadas\/fuerte-de-san-marcos\/#breadcrumb\"},\"inLanguage\":\"es\",\"potentialAction\":[{\"@type\":\"ReadAction\",\"target\":[\"https:\/\/sagardoarenlurraldea.eus\/es\/experiencias\/rutas-seleccionadas\/fuerte-de-san-marcos\/\"]}]},{\"@type\":\"ImageObject\",\"inLanguage\":\"es\",\"@id\":\"https:\/\/sagardoarenlurraldea.eus\/es\/experiencias\/rutas-seleccionadas\/fuerte-de-san-marcos\/#primaryimage\",\"url\":\"https:\/\/sagardoarenlurraldea.eus\/wp-content\/uploads\/2016\/08\/Fuerte-de-San-Marcos.jpg\",\"contentUrl\":\"https:\/\/sagardoarenlurraldea.eus\/wp-content\/uploads\/2016\/08\/Fuerte-de-San-Marcos.jpg\",\"width\":800,\"height\":600},{\"@type\":\"BreadcrumbList\",\"@id\":\"https:\/\/sagardoarenlurraldea.eus\/es\/experiencias\/rutas-seleccionadas\/fuerte-de-san-marcos\/#breadcrumb\",\"itemListElement\":[{\"@type\":\"ListItem\",\"position\":1,\"name\":\"Inicio\",\"item\":\"https:\/\/sagardoarenlurraldea.eus\/es\/\"},{\"@type\":\"ListItem\",\"position\":2,\"name\":\"Experiencias\",\"item\":\"https:\/\/sagardoarenlurraldea.eus\/es\/experiencias\/\"},{\"@type\":\"ListItem\",\"position\":3,\"name\":\"Rutas seleccionadas\",\"item\":\"https:\/\/sagardoarenlurraldea.eus\/es\/experiencias\/rutas-seleccionadas\/\"},{\"@type\":\"ListItem\",\"position\":4,\"name\":\"Fuerte de San Marcos\"}]},{\"@type\":\"WebSite\",\"@id\":\"https:\/\/sagardoarenlurraldea.eus\/es\/#website\",\"url\":\"https:\/\/sagardoarenlurraldea.eus\/es\/\",\"name\":\"Sagardoaren Lurraldea\",\"description\":\"El territorio de la sidra\",\"potentialAction\":[{\"@type\":\"SearchAction\",\"target\":{\"@type\":\"EntryPoint\",\"urlTemplate\":\"https:\/\/sagardoarenlurraldea.eus\/es\/?s={search_term_string}\"},\"query-input\":{\"@type\":\"PropertyValueSpecification\",\"valueRequired\":true,\"valueName\":\"search_term_string\"}}],\"inLanguage\":\"es\"}]}<\/script>\n<!-- \/ Yoast SEO plugin. -->","yoast_head_json":{"title":"Fuerte de San Marcos - Sagardoaren Lurraldea","robots":{"index":"index","follow":"follow","max-snippet":"max-snippet:-1","max-image-preview":"max-image-preview:large","max-video-preview":"max-video-preview:-1"},"canonical":"https:\/\/sagardoarenlurraldea.eus\/es\/experiencias\/rutas-seleccionadas\/fuerte-de-san-marcos\/","og_locale":"es_ES","og_type":"article","og_title":"Fuerte de San Marcos - Sagardoaren Lurraldea","og_description":"El Fuerte de San Marcos est\u00e1 ubicado en un lugar privilegiado, a menos de 10km de Donostia-San Sebasti\u00e1n, y enmarcado en plena naturaleza. Sin duda alguna es el mirador por excelencia de la comarca de Oarsoaldea.","og_url":"https:\/\/sagardoarenlurraldea.eus\/es\/experiencias\/rutas-seleccionadas\/fuerte-de-san-marcos\/","og_site_name":"Sagardoaren Lurraldea","article_publisher":"https:\/\/www.facebook.com\/sagardoarenlurraldea","article_modified_time":"2017-12-26T10:56:56+00:00","og_image":[{"width":800,"height":600,"url":"https:\/\/sagardoarenlurraldea.eus\/wp-content\/uploads\/2016\/08\/Fuerte-de-San-Marcos.jpg","type":"image\/jpeg"}],"twitter_card":"summary_large_image","twitter_misc":{"Tiempo de lectura":"1 minuto"},"schema":{"@context":"https:\/\/schema.org","@graph":[{"@type":"WebPage","@id":"https:\/\/sagardoarenlurraldea.eus\/es\/experiencias\/rutas-seleccionadas\/fuerte-de-san-marcos\/","url":"https:\/\/sagardoarenlurraldea.eus\/es\/experiencias\/rutas-seleccionadas\/fuerte-de-san-marcos\/","name":"Fuerte de San Marcos - Sagardoaren Lurraldea","isPartOf":{"@id":"https:\/\/sagardoarenlurraldea.eus\/es\/#website"},"primaryImageOfPage":{"@id":"https:\/\/sagardoarenlurraldea.eus\/es\/experiencias\/rutas-seleccionadas\/fuerte-de-san-marcos\/#primaryimage"},"image":{"@id":"https:\/\/sagardoarenlurraldea.eus\/es\/experiencias\/rutas-seleccionadas\/fuerte-de-san-marcos\/#primaryimage"},"thumbnailUrl":"https:\/\/sagardoarenlurraldea.eus\/wp-content\/uploads\/2016\/08\/Fuerte-de-San-Marcos.jpg","datePublished":"2017-08-22T10:46:46+00:00","dateModified":"2017-12-26T10:56:56+00:00","breadcrumb":{"@id":"https:\/\/sagardoarenlurraldea.eus\/es\/experiencias\/rutas-seleccionadas\/fuerte-de-san-marcos\/#breadcrumb"},"inLanguage":"es","potentialAction":[{"@type":"ReadAction","target":["https:\/\/sagardoarenlurraldea.eus\/es\/experiencias\/rutas-seleccionadas\/fuerte-de-san-marcos\/"]}]},{"@type":"ImageObject","inLanguage":"es","@id":"https:\/\/sagardoarenlurraldea.eus\/es\/experiencias\/rutas-seleccionadas\/fuerte-de-san-marcos\/#primaryimage","url":"https:\/\/sagardoarenlurraldea.eus\/wp-content\/uploads\/2016\/08\/Fuerte-de-San-Marcos.jpg","contentUrl":"https:\/\/sagardoarenlurraldea.eus\/wp-content\/uploads\/2016\/08\/Fuerte-de-San-Marcos.jpg","width":800,"height":600},{"@type":"BreadcrumbList","@id":"https:\/\/sagardoarenlurraldea.eus\/es\/experiencias\/rutas-seleccionadas\/fuerte-de-san-marcos\/#breadcrumb","itemListElement":[{"@type":"ListItem","position":1,"name":"Inicio","item":"https:\/\/sagardoarenlurraldea.eus\/es\/"},{"@type":"ListItem","position":2,"name":"Experiencias","item":"https:\/\/sagardoarenlurraldea.eus\/es\/experiencias\/"},{"@type":"ListItem","position":3,"name":"Rutas seleccionadas","item":"https:\/\/sagardoarenlurraldea.eus\/es\/experiencias\/rutas-seleccionadas\/"},{"@type":"ListItem","position":4,"name":"Fuerte de San Marcos"}]},{"@type":"WebSite","@id":"https:\/\/sagardoarenlurraldea.eus\/es\/#website","url":"https:\/\/sagardoarenlurraldea.eus\/es\/","name":"Sagardoaren Lurraldea","description":"El territorio de la sidra","potentialAction":[{"@type":"SearchAction","target":{"@type":"EntryPoint","urlTemplate":"https:\/\/sagardoarenlurraldea.eus\/es\/?s={search_term_string}"},"query-input":{"@type":"PropertyValueSpecification","valueRequired":true,"valueName":"search_term_string"}}],"inLanguage":"es"}]}},"_links":{"self":[{"href":"https:\/\/sagardoarenlurraldea.eus\/es\/wp-json\/wp\/v2\/pages\/20744","targetHints":{"allow":["GET"]}}],"collection":[{"href":"https:\/\/sagardoarenlurraldea.eus\/es\/wp-json\/wp\/v2\/pages"}],"about":[{"href":"https:\/\/sagardoarenlurraldea.eus\/es\/wp-json\/wp\/v2\/types\/page"}],"author":[{"embeddable":true,"href":"https:\/\/sagardoarenlurraldea.eus\/es\/wp-json\/wp\/v2\/users\/1"}],"replies":[{"embeddable":true,"href":"https:\/\/sagardoarenlurraldea.eus\/es\/wp-json\/wp\/v2\/comments?post=20744"}],"version-history":[{"count":0,"href":"https:\/\/sagardoarenlurraldea.eus\/es\/wp-json\/wp\/v2\/pages\/20744\/revisions"}],"up":[{"embeddable":true,"href":"https:\/\/sagardoarenlurraldea.eus\/es\/wp-json\/wp\/v2\/pages\/98"}],"wp:featuredmedia":[{"embeddable":true,"href":"https:\/\/sagardoarenlurraldea.eus\/es\/wp-json\/wp\/v2\/media\/1484"}],"wp:attachment":[{"href":"https:\/\/sagardoarenlurraldea.eus\/es\/wp-json\/wp\/v2\/media?parent=20744"}],"curies":[{"name":"wp","href":"https:\/\/api.w.org\/{rel}","templated":true}]}}