{"id":20723,"date":"2017-08-22T12:20:41","date_gmt":"2017-08-22T10:20:41","guid":{"rendered":"http:\/\/www.sagardoarenlurraldea.eus\/?page_id=20723\/"},"modified":"2017-08-24T11:27:01","modified_gmt":"2017-08-24T09:27:01","slug":"el-paseo-de-laia","status":"publish","type":"page","link":"https:\/\/sagardoarenlurraldea.eus\/es\/experiencias\/rutas-seleccionadas\/el-paseo-de-laia\/","title":{"rendered":"El paseo de Laia"},"content":{"rendered":"<p><strong>A trav\u00e9s de este recorrido podr\u00e1s adentrarte en el espacio natural de Santa B\u00e1rbara y conocer diferentes elementos culturales relacionados con el pueblo de Hernani. Laia, una chica de Hernani, te guiar\u00e1 durante toda la aventura.<\/strong><\/p>\n<p>El antiguo valle de Hernani era un amplio territorio entre los r\u00edos Urumea y Oria. Hernani, como denominaci\u00f3n geogr\u00e1fica, aparece por primera vez documentada en el a\u00f1o 1014, cuando a\u00fan pertenec\u00eda al Reino de Navarra.<\/p>\n<p>Fue una localidad amurallada y contaba con cinco puertas de entrada. La zona amurallada presentaba una forma ovalada y originalmente el Casco Antiguo estaba formado s\u00f3lo por dos calles: <em>Kale Nagusia<\/em> y <em>Andre kalea<\/em>. En el centro, entre las dos calles, en los espacios abiertos, se instalaron <em>Plaza Berria<\/em> (donde se hac\u00eda el mercado) y <em>Gudarien Plaza<\/em>, el lugar donde actualmente se encuentra el Ayuntamiento. Hernani es un ejemplo de la adaptaci\u00f3n a los cambios hist\u00f3ricos; hoy d\u00eda conviven los barrios de caser\u00edos, el casco hist\u00f3rico y zonas industriales en la localidad.<\/p>\n<h2>\u00bfC\u00f3mo realizar el recorrido?<\/h2>\n<p>Antes de empezar el recorrido hay que coger <a href=\"https:\/\/sagardoarenlurraldea.eus\/wp-content\/uploads\/2016\/08\/El-paseo-de-Laia-CAS.pdf\" target=\"_blank\">el folleto \u00abEl paseo de Laia\u00bb<\/a> y\u00a0 con las indicaciones que encontrar\u00e1s en \u00e9l y las placas numeradas a lo largo del camino, deber\u00e1s superar 11 pruebas-juegos:<\/p>\n<ol>\n<li>Centro hist\u00f3rico de Hernani.<\/li>\n<li>Caser\u00edo Buxkando.<\/li>\n<li>Barrio Santa B\u00e1rbara<\/li>\n<li>El rinc\u00f3n de la naturaleza.<\/li>\n<li>Los animales ocultos del pinar.<\/li>\n<li>Ermita de Santa B\u00e1rbara.<\/li>\n<li>Manzanos.<\/li>\n<li>Escalada.<\/li>\n<li>Caser\u00edo Agerre.<\/li>\n<li>Los amigos y las amigas del lago.<\/li>\n<li>Azeri dantza.<\/li>\n<\/ol>\n<h2>Caracter\u00edsticas del recorrido:<\/h2>\n<ul>\n<li><strong>Duraci\u00f3n<\/strong>: 2h<\/li>\n<li><strong>Dificultad<\/strong>: F\u00e1cil<\/li>\n<li><strong>Desnivel<\/strong>: \u00b1200m<\/li>\n<\/ul>\n","protected":false},"excerpt":{"rendered":"<p>A trav\u00e9s de este recorrido podr\u00e1s adentrarte en el espacio natural de Santa B\u00e1rbara y conocer diferentes elementos culturales relacionados con el pueblo de Hernani. Laia, una chica de Hernani, te guiar\u00e1 durante toda la aventura.<\/p>\n","protected":false},"author":1,"featured_media":1479,"parent":98,"menu_order":1,"comment_status":"closed","ping_status":"closed","template":"single-rutas-seleccionadas.php","meta":{"_acf_changed":false,"_et_pb_use_builder":"","_et_pb_old_content":"","_et_gb_content_width":"","footnotes":""},"class_list":["post-20723","page","type-page","status-publish","has-post-thumbnail","hentry"],"acf":[],"yoast_head":"<!-- This site is optimized with the Yoast SEO plugin v25.4 - https:\/\/yoast.com\/wordpress\/plugins\/seo\/ -->\n<title>El paseo de Laia - Sagardoaren Lurraldea<\/title>\n<meta name=\"robots\" content=\"index, follow, max-snippet:-1, max-image-preview:large, max-video-preview:-1\" \/>\n<link rel=\"canonical\" href=\"https:\/\/sagardoarenlurraldea.eus\/es\/experiencias\/rutas-seleccionadas\/el-paseo-de-laia\/\" \/>\n<meta property=\"og:locale\" content=\"es_ES\" \/>\n<meta property=\"og:type\" content=\"article\" \/>\n<meta property=\"og:title\" content=\"El paseo de Laia - Sagardoaren Lurraldea\" \/>\n<meta property=\"og:description\" content=\"A trav\u00e9s de este recorrido podr\u00e1s adentrarte en el espacio natural de Santa B\u00e1rbara y conocer diferentes elementos culturales relacionados con el pueblo de Hernani. Laia, una chica de Hernani, te guiar\u00e1 durante toda la aventura.\" \/>\n<meta property=\"og:url\" content=\"https:\/\/sagardoarenlurraldea.eus\/es\/experiencias\/rutas-seleccionadas\/el-paseo-de-laia\/\" \/>\n<meta property=\"og:site_name\" content=\"Sagardoaren Lurraldea\" \/>\n<meta property=\"article:publisher\" content=\"https:\/\/www.facebook.com\/sagardoarenlurraldea\" \/>\n<meta property=\"article:modified_time\" content=\"2017-08-24T09:27:01+00:00\" \/>\n<meta property=\"og:image\" content=\"https:\/\/sagardoarenlurraldea.eus\/wp-content\/uploads\/2016\/08\/El-paseo-de-Laia.jpg\" \/>\n\t<meta property=\"og:image:width\" content=\"800\" \/>\n\t<meta property=\"og:image:height\" content=\"600\" \/>\n\t<meta property=\"og:image:type\" content=\"image\/jpeg\" \/>\n<meta name=\"twitter:card\" content=\"summary_large_image\" \/>\n<meta name=\"twitter:label1\" content=\"Tiempo de lectura\" \/>\n\t<meta name=\"twitter:data1\" content=\"1 minuto\" \/>\n<script type=\"application\/ld+json\" class=\"yoast-schema-graph\">{\"@context\":\"https:\/\/schema.org\",\"@graph\":[{\"@type\":\"WebPage\",\"@id\":\"https:\/\/sagardoarenlurraldea.eus\/es\/experiencias\/rutas-seleccionadas\/el-paseo-de-laia\/\",\"url\":\"https:\/\/sagardoarenlurraldea.eus\/es\/experiencias\/rutas-seleccionadas\/el-paseo-de-laia\/\",\"name\":\"El paseo de Laia - Sagardoaren Lurraldea\",\"isPartOf\":{\"@id\":\"https:\/\/sagardoarenlurraldea.eus\/es\/#website\"},\"primaryImageOfPage\":{\"@id\":\"https:\/\/sagardoarenlurraldea.eus\/es\/experiencias\/rutas-seleccionadas\/el-paseo-de-laia\/#primaryimage\"},\"image\":{\"@id\":\"https:\/\/sagardoarenlurraldea.eus\/es\/experiencias\/rutas-seleccionadas\/el-paseo-de-laia\/#primaryimage\"},\"thumbnailUrl\":\"https:\/\/sagardoarenlurraldea.eus\/wp-content\/uploads\/2016\/08\/El-paseo-de-Laia.jpg\",\"datePublished\":\"2017-08-22T10:20:41+00:00\",\"dateModified\":\"2017-08-24T09:27:01+00:00\",\"breadcrumb\":{\"@id\":\"https:\/\/sagardoarenlurraldea.eus\/es\/experiencias\/rutas-seleccionadas\/el-paseo-de-laia\/#breadcrumb\"},\"inLanguage\":\"es\",\"potentialAction\":[{\"@type\":\"ReadAction\",\"target\":[\"https:\/\/sagardoarenlurraldea.eus\/es\/experiencias\/rutas-seleccionadas\/el-paseo-de-laia\/\"]}]},{\"@type\":\"ImageObject\",\"inLanguage\":\"es\",\"@id\":\"https:\/\/sagardoarenlurraldea.eus\/es\/experiencias\/rutas-seleccionadas\/el-paseo-de-laia\/#primaryimage\",\"url\":\"https:\/\/sagardoarenlurraldea.eus\/wp-content\/uploads\/2016\/08\/El-paseo-de-Laia.jpg\",\"contentUrl\":\"https:\/\/sagardoarenlurraldea.eus\/wp-content\/uploads\/2016\/08\/El-paseo-de-Laia.jpg\",\"width\":800,\"height\":600,\"caption\":\"OLYMPUS DIGITAL CAMERA\"},{\"@type\":\"BreadcrumbList\",\"@id\":\"https:\/\/sagardoarenlurraldea.eus\/es\/experiencias\/rutas-seleccionadas\/el-paseo-de-laia\/#breadcrumb\",\"itemListElement\":[{\"@type\":\"ListItem\",\"position\":1,\"name\":\"Inicio\",\"item\":\"https:\/\/sagardoarenlurraldea.eus\/es\/\"},{\"@type\":\"ListItem\",\"position\":2,\"name\":\"Experiencias\",\"item\":\"https:\/\/sagardoarenlurraldea.eus\/es\/experiencias\/\"},{\"@type\":\"ListItem\",\"position\":3,\"name\":\"Rutas seleccionadas\",\"item\":\"https:\/\/sagardoarenlurraldea.eus\/es\/experiencias\/rutas-seleccionadas\/\"},{\"@type\":\"ListItem\",\"position\":4,\"name\":\"El paseo de Laia\"}]},{\"@type\":\"WebSite\",\"@id\":\"https:\/\/sagardoarenlurraldea.eus\/es\/#website\",\"url\":\"https:\/\/sagardoarenlurraldea.eus\/es\/\",\"name\":\"Sagardoaren Lurraldea\",\"description\":\"El territorio de la sidra\",\"potentialAction\":[{\"@type\":\"SearchAction\",\"target\":{\"@type\":\"EntryPoint\",\"urlTemplate\":\"https:\/\/sagardoarenlurraldea.eus\/es\/?s={search_term_string}\"},\"query-input\":{\"@type\":\"PropertyValueSpecification\",\"valueRequired\":true,\"valueName\":\"search_term_string\"}}],\"inLanguage\":\"es\"}]}<\/script>\n<!-- \/ Yoast SEO plugin. -->","yoast_head_json":{"title":"El paseo de Laia - Sagardoaren Lurraldea","robots":{"index":"index","follow":"follow","max-snippet":"max-snippet:-1","max-image-preview":"max-image-preview:large","max-video-preview":"max-video-preview:-1"},"canonical":"https:\/\/sagardoarenlurraldea.eus\/es\/experiencias\/rutas-seleccionadas\/el-paseo-de-laia\/","og_locale":"es_ES","og_type":"article","og_title":"El paseo de Laia - Sagardoaren Lurraldea","og_description":"A trav\u00e9s de este recorrido podr\u00e1s adentrarte en el espacio natural de Santa B\u00e1rbara y conocer diferentes elementos culturales relacionados con el pueblo de Hernani. Laia, una chica de Hernani, te guiar\u00e1 durante toda la aventura.","og_url":"https:\/\/sagardoarenlurraldea.eus\/es\/experiencias\/rutas-seleccionadas\/el-paseo-de-laia\/","og_site_name":"Sagardoaren Lurraldea","article_publisher":"https:\/\/www.facebook.com\/sagardoarenlurraldea","article_modified_time":"2017-08-24T09:27:01+00:00","og_image":[{"width":800,"height":600,"url":"https:\/\/sagardoarenlurraldea.eus\/wp-content\/uploads\/2016\/08\/El-paseo-de-Laia.jpg","type":"image\/jpeg"}],"twitter_card":"summary_large_image","twitter_misc":{"Tiempo de lectura":"1 minuto"},"schema":{"@context":"https:\/\/schema.org","@graph":[{"@type":"WebPage","@id":"https:\/\/sagardoarenlurraldea.eus\/es\/experiencias\/rutas-seleccionadas\/el-paseo-de-laia\/","url":"https:\/\/sagardoarenlurraldea.eus\/es\/experiencias\/rutas-seleccionadas\/el-paseo-de-laia\/","name":"El paseo de Laia - Sagardoaren Lurraldea","isPartOf":{"@id":"https:\/\/sagardoarenlurraldea.eus\/es\/#website"},"primaryImageOfPage":{"@id":"https:\/\/sagardoarenlurraldea.eus\/es\/experiencias\/rutas-seleccionadas\/el-paseo-de-laia\/#primaryimage"},"image":{"@id":"https:\/\/sagardoarenlurraldea.eus\/es\/experiencias\/rutas-seleccionadas\/el-paseo-de-laia\/#primaryimage"},"thumbnailUrl":"https:\/\/sagardoarenlurraldea.eus\/wp-content\/uploads\/2016\/08\/El-paseo-de-Laia.jpg","datePublished":"2017-08-22T10:20:41+00:00","dateModified":"2017-08-24T09:27:01+00:00","breadcrumb":{"@id":"https:\/\/sagardoarenlurraldea.eus\/es\/experiencias\/rutas-seleccionadas\/el-paseo-de-laia\/#breadcrumb"},"inLanguage":"es","potentialAction":[{"@type":"ReadAction","target":["https:\/\/sagardoarenlurraldea.eus\/es\/experiencias\/rutas-seleccionadas\/el-paseo-de-laia\/"]}]},{"@type":"ImageObject","inLanguage":"es","@id":"https:\/\/sagardoarenlurraldea.eus\/es\/experiencias\/rutas-seleccionadas\/el-paseo-de-laia\/#primaryimage","url":"https:\/\/sagardoarenlurraldea.eus\/wp-content\/uploads\/2016\/08\/El-paseo-de-Laia.jpg","contentUrl":"https:\/\/sagardoarenlurraldea.eus\/wp-content\/uploads\/2016\/08\/El-paseo-de-Laia.jpg","width":800,"height":600,"caption":"OLYMPUS DIGITAL CAMERA"},{"@type":"BreadcrumbList","@id":"https:\/\/sagardoarenlurraldea.eus\/es\/experiencias\/rutas-seleccionadas\/el-paseo-de-laia\/#breadcrumb","itemListElement":[{"@type":"ListItem","position":1,"name":"Inicio","item":"https:\/\/sagardoarenlurraldea.eus\/es\/"},{"@type":"ListItem","position":2,"name":"Experiencias","item":"https:\/\/sagardoarenlurraldea.eus\/es\/experiencias\/"},{"@type":"ListItem","position":3,"name":"Rutas seleccionadas","item":"https:\/\/sagardoarenlurraldea.eus\/es\/experiencias\/rutas-seleccionadas\/"},{"@type":"ListItem","position":4,"name":"El paseo de Laia"}]},{"@type":"WebSite","@id":"https:\/\/sagardoarenlurraldea.eus\/es\/#website","url":"https:\/\/sagardoarenlurraldea.eus\/es\/","name":"Sagardoaren Lurraldea","description":"El territorio de la sidra","potentialAction":[{"@type":"SearchAction","target":{"@type":"EntryPoint","urlTemplate":"https:\/\/sagardoarenlurraldea.eus\/es\/?s={search_term_string}"},"query-input":{"@type":"PropertyValueSpecification","valueRequired":true,"valueName":"search_term_string"}}],"inLanguage":"es"}]}},"_links":{"self":[{"href":"https:\/\/sagardoarenlurraldea.eus\/es\/wp-json\/wp\/v2\/pages\/20723","targetHints":{"allow":["GET"]}}],"collection":[{"href":"https:\/\/sagardoarenlurraldea.eus\/es\/wp-json\/wp\/v2\/pages"}],"about":[{"href":"https:\/\/sagardoarenlurraldea.eus\/es\/wp-json\/wp\/v2\/types\/page"}],"author":[{"embeddable":true,"href":"https:\/\/sagardoarenlurraldea.eus\/es\/wp-json\/wp\/v2\/users\/1"}],"replies":[{"embeddable":true,"href":"https:\/\/sagardoarenlurraldea.eus\/es\/wp-json\/wp\/v2\/comments?post=20723"}],"version-history":[{"count":0,"href":"https:\/\/sagardoarenlurraldea.eus\/es\/wp-json\/wp\/v2\/pages\/20723\/revisions"}],"up":[{"embeddable":true,"href":"https:\/\/sagardoarenlurraldea.eus\/es\/wp-json\/wp\/v2\/pages\/98"}],"wp:featuredmedia":[{"embeddable":true,"href":"https:\/\/sagardoarenlurraldea.eus\/es\/wp-json\/wp\/v2\/media\/1479"}],"wp:attachment":[{"href":"https:\/\/sagardoarenlurraldea.eus\/es\/wp-json\/wp\/v2\/media?parent=20723"}],"curies":[{"name":"wp","href":"https:\/\/api.w.org\/{rel}","templated":true}]}}