{"id":138355,"date":"2020-09-17T11:27:11","date_gmt":"2020-09-17T09:27:11","guid":{"rendered":"http:\/\/www.sagardoarenlurraldea.eus\/?page_id=138355"},"modified":"2021-06-15T11:44:11","modified_gmt":"2021-06-15T09:44:11","slug":"medidas-preventivas-y-de-seguridad-frente-al-covid-19","status":"publish","type":"page","link":"https:\/\/sagardoarenlurraldea.eus\/es\/experiencias\/medidas-preventivas-y-de-seguridad-frente-al-covid-19\/","title":{"rendered":"Medidas preventivas y de seguridad frente al COVID-19"},"content":{"rendered":"<p>[et_pb_section bb_built=\u00bb1&#8243; admin_label=\u00bbsection\u00bb transparent_background=\u00bboff\u00bb background_color=\u00bb#ffffff\u00bb allow_player_pause=\u00bboff\u00bb inner_shadow=\u00bboff\u00bb parallax=\u00bboff\u00bb parallax_method=\u00bboff\u00bb padding_mobile=\u00bboff\u00bb make_fullwidth=\u00bboff\u00bb use_custom_width=\u00bboff\u00bb width_unit=\u00bbon\u00bb make_equal=\u00bboff\u00bb use_custom_gutter=\u00bboff\u00bb module_class=\u00bbinterior\u00bb][et_pb_row admin_label=\u00bbrow\u00bb make_fullwidth=\u00bboff\u00bb use_custom_width=\u00bboff\u00bb width_unit=\u00bbon\u00bb use_custom_gutter=\u00bboff\u00bb padding_mobile=\u00bboff\u00bb allow_player_pause=\u00bboff\u00bb parallax=\u00bboff\u00bb parallax_method=\u00bboff\u00bb make_equal=\u00bboff\u00bb parallax_1=\u00bboff\u00bb parallax_method_1=\u00bboff\u00bb column_padding_mobile=\u00bbon\u00bb module_class=\u00bbcontenedor\u00bb background_position=\u00bbtop_left\u00bb background_repeat=\u00bbrepeat\u00bb background_size=\u00bbinitial\u00bb][et_pb_column type=\u00bb4_4&#8243;][et_pb_text admin_label=\u00bbTexto\u00bb background_layout=\u00bblight\u00bb text_orientation=\u00bbleft\u00bb border_style=\u00bbsolid\u00bb background_position=\u00bbtop_left\u00bb background_repeat=\u00bbrepeat\u00bb background_size=\u00bbinitial\u00bb _builder_version=\u00bb3.0.51&#8243;]<\/p>\n<p>&#8211; El <strong>aforo<\/strong> ser\u00e1 reducido siguiendo las indicaciones definidas por las autoridades sanitarias.<br \/>\n&#8211; Ser\u00e1 obligatorio el <strong>uso de mascarilla<\/strong> durante la realizaci\u00f3n de toda la experiencia: zona de recepci\u00f3n, exteriores, espacio muse\u00edstico y tienda.<br \/>\n&#8211; Entre los asistentes, las unidades familiares podr\u00e1n ir juntas; en el supuesto de participar m\u00e1s unidades familiares, \u00e9stas deber\u00e1n mantener entre ellas la<strong> distancia de seguridad<\/strong> m\u00ednima de 1,5 metros.<br \/>\n&#8211; El participante deber\u00e1 de usar el <strong>gel hidroalcoh\u00f3lico<\/strong> (a disposici\u00f3n del participante) al inicio y durante la realizaci\u00f3n de la experiencia.<br \/>\n&#8211; El\/la <strong>gu\u00eda<\/strong> llevar\u00e1 mascarilla y se lavar\u00e1 las manos con agua y jab\u00f3n o gel hidroalcoh\u00f3lico antes, durante y despu\u00e9s de la visita.<br \/>\n&#8211; Es obligatorio respetar las <strong>indicaciones<\/strong> del gu\u00eda y\/o los marcadores establecidos.<br \/>\n&#8211; Al realizar la <strong>reserva<\/strong>, el participante acepta ser responsable en cuanto a las medidas aqu\u00ed expresadas de seguridad sanitaria (conocimiento) y su respeto (aceptaci\u00f3n).<br \/>\n&#8211; Por motivos de seguridad, al participante se le solicitar\u00e1 un n\u00famero de <strong>tel\u00e9fono de contacto<\/strong> que solamente se utilizar\u00e1 en caso de necesidad sanitaria.<\/p>\n<p>Este protocolo se ir\u00e1 adaptando a la evoluci\u00f3n de la pandemia y las recomendaciones que dicten las autoridades competentes.<\/p>\n<p>&#8211; Gracias &#8211;<\/p>\n<p>[\/et_pb_text][\/et_pb_column][\/et_pb_row][\/et_pb_section]<\/p>\n","protected":false},"excerpt":{"rendered":"<p>&#8211; El aforo ser\u00e1 reducido siguiendo las indicaciones definidas por las autoridades sanitarias. &#8211; Ser\u00e1 obligatorio el uso de mascarilla durante la realizaci\u00f3n de toda la experiencia: zona de recepci\u00f3n, [&hellip;]<\/p>\n","protected":false},"author":8,"featured_media":13248,"parent":94,"menu_order":6,"comment_status":"closed","ping_status":"closed","template":"","meta":{"_acf_changed":false,"_et_pb_use_builder":"on","_et_pb_old_content":"","_et_gb_content_width":"","footnotes":""},"class_list":["post-138355","page","type-page","status-publish","has-post-thumbnail","hentry"],"acf":[],"yoast_head":"<!-- This site is optimized with the Yoast SEO plugin v25.4 - https:\/\/yoast.com\/wordpress\/plugins\/seo\/ -->\n<title>Medidas preventivas y de seguridad frente al COVID-19 - Sagardoaren Lurraldea<\/title>\n<meta name=\"robots\" content=\"index, follow, max-snippet:-1, max-image-preview:large, max-video-preview:-1\" \/>\n<link rel=\"canonical\" href=\"https:\/\/sagardoarenlurraldea.eus\/es\/experiencias\/medidas-preventivas-y-de-seguridad-frente-al-covid-19\/\" \/>\n<meta property=\"og:locale\" content=\"es_ES\" \/>\n<meta property=\"og:type\" content=\"article\" \/>\n<meta property=\"og:title\" content=\"Medidas preventivas y de seguridad frente al COVID-19 - Sagardoaren Lurraldea\" \/>\n<meta property=\"og:description\" content=\"- El aforo ser\u00e1 reducido siguiendo las indicaciones definidas por las autoridades sanitarias. - Ser\u00e1 obligatorio el uso de mascarilla durante la realizaci\u00f3n de toda la experiencia: zona de recepci\u00f3n, [&hellip;]\" \/>\n<meta property=\"og:url\" content=\"https:\/\/sagardoarenlurraldea.eus\/es\/experiencias\/medidas-preventivas-y-de-seguridad-frente-al-covid-19\/\" \/>\n<meta property=\"og:site_name\" content=\"Sagardoaren Lurraldea\" \/>\n<meta property=\"article:publisher\" content=\"https:\/\/www.facebook.com\/sagardoarenlurraldea\" \/>\n<meta property=\"article:modified_time\" content=\"2021-06-15T09:44:11+00:00\" \/>\n<meta property=\"og:image\" content=\"https:\/\/sagardoarenlurraldea.eus\/wp-content\/uploads\/2016\/05\/Cabecera-Experiencias-2.jpg\" \/>\n\t<meta property=\"og:image:width\" content=\"1903\" \/>\n\t<meta property=\"og:image:height\" content=\"220\" \/>\n\t<meta property=\"og:image:type\" content=\"image\/jpeg\" \/>\n<meta name=\"twitter:card\" content=\"summary_large_image\" \/>\n<meta name=\"twitter:label1\" content=\"Tiempo de lectura\" \/>\n\t<meta name=\"twitter:data1\" content=\"2 minutos\" \/>\n<script type=\"application\/ld+json\" class=\"yoast-schema-graph\">{\"@context\":\"https:\/\/schema.org\",\"@graph\":[{\"@type\":\"WebPage\",\"@id\":\"https:\/\/sagardoarenlurraldea.eus\/es\/experiencias\/medidas-preventivas-y-de-seguridad-frente-al-covid-19\/\",\"url\":\"https:\/\/sagardoarenlurraldea.eus\/es\/experiencias\/medidas-preventivas-y-de-seguridad-frente-al-covid-19\/\",\"name\":\"Medidas preventivas y de seguridad frente al COVID-19 - Sagardoaren Lurraldea\",\"isPartOf\":{\"@id\":\"https:\/\/sagardoarenlurraldea.eus\/es\/#website\"},\"primaryImageOfPage\":{\"@id\":\"https:\/\/sagardoarenlurraldea.eus\/es\/experiencias\/medidas-preventivas-y-de-seguridad-frente-al-covid-19\/#primaryimage\"},\"image\":{\"@id\":\"https:\/\/sagardoarenlurraldea.eus\/es\/experiencias\/medidas-preventivas-y-de-seguridad-frente-al-covid-19\/#primaryimage\"},\"thumbnailUrl\":\"https:\/\/sagardoarenlurraldea.eus\/wp-content\/uploads\/2016\/05\/Cabecera-Experiencias-2.jpg\",\"datePublished\":\"2020-09-17T09:27:11+00:00\",\"dateModified\":\"2021-06-15T09:44:11+00:00\",\"breadcrumb\":{\"@id\":\"https:\/\/sagardoarenlurraldea.eus\/es\/experiencias\/medidas-preventivas-y-de-seguridad-frente-al-covid-19\/#breadcrumb\"},\"inLanguage\":\"es\",\"potentialAction\":[{\"@type\":\"ReadAction\",\"target\":[\"https:\/\/sagardoarenlurraldea.eus\/es\/experiencias\/medidas-preventivas-y-de-seguridad-frente-al-covid-19\/\"]}]},{\"@type\":\"ImageObject\",\"inLanguage\":\"es\",\"@id\":\"https:\/\/sagardoarenlurraldea.eus\/es\/experiencias\/medidas-preventivas-y-de-seguridad-frente-al-covid-19\/#primaryimage\",\"url\":\"https:\/\/sagardoarenlurraldea.eus\/wp-content\/uploads\/2016\/05\/Cabecera-Experiencias-2.jpg\",\"contentUrl\":\"https:\/\/sagardoarenlurraldea.eus\/wp-content\/uploads\/2016\/05\/Cabecera-Experiencias-2.jpg\",\"width\":1903,\"height\":220},{\"@type\":\"BreadcrumbList\",\"@id\":\"https:\/\/sagardoarenlurraldea.eus\/es\/experiencias\/medidas-preventivas-y-de-seguridad-frente-al-covid-19\/#breadcrumb\",\"itemListElement\":[{\"@type\":\"ListItem\",\"position\":1,\"name\":\"Inicio\",\"item\":\"https:\/\/sagardoarenlurraldea.eus\/es\/\"},{\"@type\":\"ListItem\",\"position\":2,\"name\":\"Experiencias\",\"item\":\"https:\/\/sagardoarenlurraldea.eus\/es\/experiencias\/\"},{\"@type\":\"ListItem\",\"position\":3,\"name\":\"Medidas preventivas y de seguridad frente al COVID-19\"}]},{\"@type\":\"WebSite\",\"@id\":\"https:\/\/sagardoarenlurraldea.eus\/es\/#website\",\"url\":\"https:\/\/sagardoarenlurraldea.eus\/es\/\",\"name\":\"Sagardoaren Lurraldea\",\"description\":\"El territorio de la sidra\",\"potentialAction\":[{\"@type\":\"SearchAction\",\"target\":{\"@type\":\"EntryPoint\",\"urlTemplate\":\"https:\/\/sagardoarenlurraldea.eus\/es\/?s={search_term_string}\"},\"query-input\":{\"@type\":\"PropertyValueSpecification\",\"valueRequired\":true,\"valueName\":\"search_term_string\"}}],\"inLanguage\":\"es\"}]}<\/script>\n<!-- \/ Yoast SEO plugin. -->","yoast_head_json":{"title":"Medidas preventivas y de seguridad frente al COVID-19 - Sagardoaren Lurraldea","robots":{"index":"index","follow":"follow","max-snippet":"max-snippet:-1","max-image-preview":"max-image-preview:large","max-video-preview":"max-video-preview:-1"},"canonical":"https:\/\/sagardoarenlurraldea.eus\/es\/experiencias\/medidas-preventivas-y-de-seguridad-frente-al-covid-19\/","og_locale":"es_ES","og_type":"article","og_title":"Medidas preventivas y de seguridad frente al COVID-19 - Sagardoaren Lurraldea","og_description":"- El aforo ser\u00e1 reducido siguiendo las indicaciones definidas por las autoridades sanitarias. - Ser\u00e1 obligatorio el uso de mascarilla durante la realizaci\u00f3n de toda la experiencia: zona de recepci\u00f3n, [&hellip;]","og_url":"https:\/\/sagardoarenlurraldea.eus\/es\/experiencias\/medidas-preventivas-y-de-seguridad-frente-al-covid-19\/","og_site_name":"Sagardoaren Lurraldea","article_publisher":"https:\/\/www.facebook.com\/sagardoarenlurraldea","article_modified_time":"2021-06-15T09:44:11+00:00","og_image":[{"width":1903,"height":220,"url":"https:\/\/sagardoarenlurraldea.eus\/wp-content\/uploads\/2016\/05\/Cabecera-Experiencias-2.jpg","type":"image\/jpeg"}],"twitter_card":"summary_large_image","twitter_misc":{"Tiempo de lectura":"2 minutos"},"schema":{"@context":"https:\/\/schema.org","@graph":[{"@type":"WebPage","@id":"https:\/\/sagardoarenlurraldea.eus\/es\/experiencias\/medidas-preventivas-y-de-seguridad-frente-al-covid-19\/","url":"https:\/\/sagardoarenlurraldea.eus\/es\/experiencias\/medidas-preventivas-y-de-seguridad-frente-al-covid-19\/","name":"Medidas preventivas y de seguridad frente al COVID-19 - Sagardoaren Lurraldea","isPartOf":{"@id":"https:\/\/sagardoarenlurraldea.eus\/es\/#website"},"primaryImageOfPage":{"@id":"https:\/\/sagardoarenlurraldea.eus\/es\/experiencias\/medidas-preventivas-y-de-seguridad-frente-al-covid-19\/#primaryimage"},"image":{"@id":"https:\/\/sagardoarenlurraldea.eus\/es\/experiencias\/medidas-preventivas-y-de-seguridad-frente-al-covid-19\/#primaryimage"},"thumbnailUrl":"https:\/\/sagardoarenlurraldea.eus\/wp-content\/uploads\/2016\/05\/Cabecera-Experiencias-2.jpg","datePublished":"2020-09-17T09:27:11+00:00","dateModified":"2021-06-15T09:44:11+00:00","breadcrumb":{"@id":"https:\/\/sagardoarenlurraldea.eus\/es\/experiencias\/medidas-preventivas-y-de-seguridad-frente-al-covid-19\/#breadcrumb"},"inLanguage":"es","potentialAction":[{"@type":"ReadAction","target":["https:\/\/sagardoarenlurraldea.eus\/es\/experiencias\/medidas-preventivas-y-de-seguridad-frente-al-covid-19\/"]}]},{"@type":"ImageObject","inLanguage":"es","@id":"https:\/\/sagardoarenlurraldea.eus\/es\/experiencias\/medidas-preventivas-y-de-seguridad-frente-al-covid-19\/#primaryimage","url":"https:\/\/sagardoarenlurraldea.eus\/wp-content\/uploads\/2016\/05\/Cabecera-Experiencias-2.jpg","contentUrl":"https:\/\/sagardoarenlurraldea.eus\/wp-content\/uploads\/2016\/05\/Cabecera-Experiencias-2.jpg","width":1903,"height":220},{"@type":"BreadcrumbList","@id":"https:\/\/sagardoarenlurraldea.eus\/es\/experiencias\/medidas-preventivas-y-de-seguridad-frente-al-covid-19\/#breadcrumb","itemListElement":[{"@type":"ListItem","position":1,"name":"Inicio","item":"https:\/\/sagardoarenlurraldea.eus\/es\/"},{"@type":"ListItem","position":2,"name":"Experiencias","item":"https:\/\/sagardoarenlurraldea.eus\/es\/experiencias\/"},{"@type":"ListItem","position":3,"name":"Medidas preventivas y de seguridad frente al COVID-19"}]},{"@type":"WebSite","@id":"https:\/\/sagardoarenlurraldea.eus\/es\/#website","url":"https:\/\/sagardoarenlurraldea.eus\/es\/","name":"Sagardoaren Lurraldea","description":"El territorio de la sidra","potentialAction":[{"@type":"SearchAction","target":{"@type":"EntryPoint","urlTemplate":"https:\/\/sagardoarenlurraldea.eus\/es\/?s={search_term_string}"},"query-input":{"@type":"PropertyValueSpecification","valueRequired":true,"valueName":"search_term_string"}}],"inLanguage":"es"}]}},"_links":{"self":[{"href":"https:\/\/sagardoarenlurraldea.eus\/es\/wp-json\/wp\/v2\/pages\/138355","targetHints":{"allow":["GET"]}}],"collection":[{"href":"https:\/\/sagardoarenlurraldea.eus\/es\/wp-json\/wp\/v2\/pages"}],"about":[{"href":"https:\/\/sagardoarenlurraldea.eus\/es\/wp-json\/wp\/v2\/types\/page"}],"author":[{"embeddable":true,"href":"https:\/\/sagardoarenlurraldea.eus\/es\/wp-json\/wp\/v2\/users\/8"}],"replies":[{"embeddable":true,"href":"https:\/\/sagardoarenlurraldea.eus\/es\/wp-json\/wp\/v2\/comments?post=138355"}],"version-history":[{"count":0,"href":"https:\/\/sagardoarenlurraldea.eus\/es\/wp-json\/wp\/v2\/pages\/138355\/revisions"}],"up":[{"embeddable":true,"href":"https:\/\/sagardoarenlurraldea.eus\/es\/wp-json\/wp\/v2\/pages\/94"}],"wp:featuredmedia":[{"embeddable":true,"href":"https:\/\/sagardoarenlurraldea.eus\/es\/wp-json\/wp\/v2\/media\/13248"}],"wp:attachment":[{"href":"https:\/\/sagardoarenlurraldea.eus\/es\/wp-json\/wp\/v2\/media?parent=138355"}],"curies":[{"name":"wp","href":"https:\/\/api.w.org\/{rel}","templated":true}]}}