{"id":20029,"date":"2011-04-01T08:07:04","date_gmt":"2011-04-01T08:07:04","guid":{"rendered":"http:\/\/www.sagardoarenlurraldea.eus\/normas-de-uso-del-blog\/"},"modified":"2018-04-19T11:57:52","modified_gmt":"2018-04-19T09:57:52","slug":"our-blog-rules","status":"publish","type":"page","link":"https:\/\/sagardoarenlurraldea.eus\/en\/our-blog-rules\/","title":{"rendered":"Our blog rules"},"content":{"rendered":"<p><strong>Normas de uso del\u00a0blog<\/strong><\/p>\n<p>Con objeto de asegurar el buen funcionamiento del blog, existen unas reglas b\u00e1sicas que todas las personas que deseen participar deben acatar, y son las siguientes:<\/p>\n<ul>\n<li>\u00c9ste es un blog sobre la sidra, todo lo que no tenga que ver con \u00e9l quedar\u00e1 autom\u00e1ticamente fuera del foro.<\/li>\n<li>El objetivo de este blog es informar y divulgar toda la informaci\u00f3n relacionada con la sidra, as\u00ed como la obtenci\u00f3n de informaci\u00f3n directa de los usuarios del mismo.<\/li>\n<li>Existen dos principios b\u00e1sicos: el respeto de las personas y el respeto de las ideas de cada cual.<\/li>\n<li>No se aceptar\u00e1n mensajes con contenido ilegal, contenido comercial o spam.<\/li>\n<li>No se aceptar\u00e1n los ataques personales ni insultos.<\/li>\n<li>El blog pretende ser una herramienta de participaci\u00f3n para toda la ciudadan\u00eda. Por favor tenga en cuenta esto a la hora de escribir sus mensajes, haci\u00e9ndolo con claridad, simplicidad y f\u00e1cilmente entendibles.<\/li>\n<li>\u00c9ste es un blog moderado. Esto significa que hay un grupo de personas que velar\u00e1 por el cumplimiento de las reglas que aqu\u00ed se describen, y por el buen funcionamiento del mismo. En cualquier momento, los moderadores podr\u00e1n eliminar un mensaje si as\u00ed lo considera necesario, por no cumplir con estas reglas b\u00e1sicas o por entorpecer el buen funcionamiento del blog. Si cualquier usuario no est\u00e1 de acuerdo con la eliminaci\u00f3n de un mensaje determinado o con la acci\u00f3n del moderador, podr\u00e1 ponerse en contacto con \u00e9l para tratar de llegar a un acuerdo, hacerle llegar su queja o tener conocimiento de las razones por las que ha sido eliminado. En ning\u00fan caso, deber\u00e1 utilizarse el foro para impugnar la moderaci\u00f3n de un mensaje.<\/li>\n<li>Trate de adecuar su mensaje a cada entrada. Si el administrador considera conveniente cambiar un mensaje de una entrada a otra por su contenido, tendr\u00e1 total libertad para hacerlo.<\/li>\n<li>No se debe usar el blog como canal de \u2018chat\u2019. Los mensajes que aqu\u00ed se publican deben ser de inter\u00e9s general, y no para comunicarse entre un grupo reducido de personas usuarias.<\/li>\n<li>Cada persona usuaria es responsable de sus opiniones y acciones dentro del blog, y deber\u00e1 asumir las consecuencias legales de sus actos.<\/li>\n<li>Est\u00e1 prohibido transmitir a trav\u00e9s del blog cualquier contenido que viole cualquier derecho de propiedad industrial o intelectual. Se requiere mencionar al autor y el medio de publicaci\u00f3n cuando se haga una referencia editorial.<\/li>\n<\/ul>\n<p>En el caso de que no cumplas estas reglas, el moderador podr\u00e1 optar por las siguientes opciones:<\/p>\n<ul>\n<li>Edici\u00f3n: editar el contenido de sus mensajes, quitando material que infrinja estas normas.<\/li>\n<li>Eliminaci\u00f3n: eliminar el mensaje completo.<\/li>\n<\/ul>\n","protected":false},"excerpt":{"rendered":"<p>Normas de uso del\u00a0blog Con objeto de asegurar el buen funcionamiento del blog, existen unas reglas b\u00e1sicas que todas las personas que deseen participar deben acatar, y son las siguientes: [&hellip;]<\/p>\n","protected":false},"author":1,"featured_media":0,"parent":0,"menu_order":94,"comment_status":"open","ping_status":"open","template":"","meta":{"_acf_changed":false,"_et_pb_use_builder":"","_et_pb_old_content":"","_et_gb_content_width":"","footnotes":""},"class_list":["post-20029","page","type-page","status-publish","hentry"],"acf":[],"yoast_head":"<!-- This site is optimized with the Yoast SEO plugin v25.4 - https:\/\/yoast.com\/wordpress\/plugins\/seo\/ -->\n<title>Our blog rules - Sagardoaren Lurraldea<\/title>\n<meta name=\"robots\" content=\"index, follow, max-snippet:-1, max-image-preview:large, max-video-preview:-1\" \/>\n<link rel=\"canonical\" href=\"https:\/\/sagardoarenlurraldea.eus\/en\/our-blog-rules\/\" \/>\n<meta property=\"og:locale\" content=\"en_US\" \/>\n<meta property=\"og:type\" content=\"article\" \/>\n<meta property=\"og:title\" content=\"Our blog rules - Sagardoaren Lurraldea\" \/>\n<meta property=\"og:description\" content=\"Normas de uso del\u00a0blog Con objeto de asegurar el buen funcionamiento del blog, existen unas reglas b\u00e1sicas que todas las personas que deseen participar deben acatar, y son las siguientes: [&hellip;]\" \/>\n<meta property=\"og:url\" content=\"https:\/\/sagardoarenlurraldea.eus\/en\/our-blog-rules\/\" \/>\n<meta property=\"og:site_name\" content=\"Sagardoaren Lurraldea\" \/>\n<meta property=\"article:publisher\" content=\"https:\/\/www.facebook.com\/sagardoarenlurraldea\" \/>\n<meta property=\"article:modified_time\" content=\"2018-04-19T09:57:52+00:00\" \/>\n<meta name=\"twitter:card\" content=\"summary_large_image\" \/>\n<meta name=\"twitter:label1\" content=\"Est. reading time\" \/>\n\t<meta name=\"twitter:data1\" content=\"2 minutes\" \/>\n<script type=\"application\/ld+json\" class=\"yoast-schema-graph\">{\"@context\":\"https:\/\/schema.org\",\"@graph\":[{\"@type\":\"WebPage\",\"@id\":\"https:\/\/sagardoarenlurraldea.eus\/en\/our-blog-rules\/\",\"url\":\"https:\/\/sagardoarenlurraldea.eus\/en\/our-blog-rules\/\",\"name\":\"Our blog rules - Sagardoaren Lurraldea\",\"isPartOf\":{\"@id\":\"https:\/\/sagardoarenlurraldea.eus\/en\/#website\"},\"datePublished\":\"2011-04-01T08:07:04+00:00\",\"dateModified\":\"2018-04-19T09:57:52+00:00\",\"breadcrumb\":{\"@id\":\"https:\/\/sagardoarenlurraldea.eus\/en\/our-blog-rules\/#breadcrumb\"},\"inLanguage\":\"en-US\",\"potentialAction\":[{\"@type\":\"ReadAction\",\"target\":[\"https:\/\/sagardoarenlurraldea.eus\/en\/our-blog-rules\/\"]}]},{\"@type\":\"BreadcrumbList\",\"@id\":\"https:\/\/sagardoarenlurraldea.eus\/en\/our-blog-rules\/#breadcrumb\",\"itemListElement\":[{\"@type\":\"ListItem\",\"position\":1,\"name\":\"Inicio\",\"item\":\"https:\/\/sagardoarenlurraldea.eus\/en\/\"},{\"@type\":\"ListItem\",\"position\":2,\"name\":\"Our blog rules\"}]},{\"@type\":\"WebSite\",\"@id\":\"https:\/\/sagardoarenlurraldea.eus\/en\/#website\",\"url\":\"https:\/\/sagardoarenlurraldea.eus\/en\/\",\"name\":\"Sagardoaren Lurraldea\",\"description\":\"El territorio de la sidra\",\"potentialAction\":[{\"@type\":\"SearchAction\",\"target\":{\"@type\":\"EntryPoint\",\"urlTemplate\":\"https:\/\/sagardoarenlurraldea.eus\/en\/?s={search_term_string}\"},\"query-input\":{\"@type\":\"PropertyValueSpecification\",\"valueRequired\":true,\"valueName\":\"search_term_string\"}}],\"inLanguage\":\"en-US\"}]}<\/script>\n<!-- \/ Yoast SEO plugin. -->","yoast_head_json":{"title":"Our blog rules - Sagardoaren Lurraldea","robots":{"index":"index","follow":"follow","max-snippet":"max-snippet:-1","max-image-preview":"max-image-preview:large","max-video-preview":"max-video-preview:-1"},"canonical":"https:\/\/sagardoarenlurraldea.eus\/en\/our-blog-rules\/","og_locale":"en_US","og_type":"article","og_title":"Our blog rules - Sagardoaren Lurraldea","og_description":"Normas de uso del\u00a0blog Con objeto de asegurar el buen funcionamiento del blog, existen unas reglas b\u00e1sicas que todas las personas que deseen participar deben acatar, y son las siguientes: [&hellip;]","og_url":"https:\/\/sagardoarenlurraldea.eus\/en\/our-blog-rules\/","og_site_name":"Sagardoaren Lurraldea","article_publisher":"https:\/\/www.facebook.com\/sagardoarenlurraldea","article_modified_time":"2018-04-19T09:57:52+00:00","twitter_card":"summary_large_image","twitter_misc":{"Est. reading time":"2 minutes"},"schema":{"@context":"https:\/\/schema.org","@graph":[{"@type":"WebPage","@id":"https:\/\/sagardoarenlurraldea.eus\/en\/our-blog-rules\/","url":"https:\/\/sagardoarenlurraldea.eus\/en\/our-blog-rules\/","name":"Our blog rules - Sagardoaren Lurraldea","isPartOf":{"@id":"https:\/\/sagardoarenlurraldea.eus\/en\/#website"},"datePublished":"2011-04-01T08:07:04+00:00","dateModified":"2018-04-19T09:57:52+00:00","breadcrumb":{"@id":"https:\/\/sagardoarenlurraldea.eus\/en\/our-blog-rules\/#breadcrumb"},"inLanguage":"en-US","potentialAction":[{"@type":"ReadAction","target":["https:\/\/sagardoarenlurraldea.eus\/en\/our-blog-rules\/"]}]},{"@type":"BreadcrumbList","@id":"https:\/\/sagardoarenlurraldea.eus\/en\/our-blog-rules\/#breadcrumb","itemListElement":[{"@type":"ListItem","position":1,"name":"Inicio","item":"https:\/\/sagardoarenlurraldea.eus\/en\/"},{"@type":"ListItem","position":2,"name":"Our blog rules"}]},{"@type":"WebSite","@id":"https:\/\/sagardoarenlurraldea.eus\/en\/#website","url":"https:\/\/sagardoarenlurraldea.eus\/en\/","name":"Sagardoaren Lurraldea","description":"El territorio de la sidra","potentialAction":[{"@type":"SearchAction","target":{"@type":"EntryPoint","urlTemplate":"https:\/\/sagardoarenlurraldea.eus\/en\/?s={search_term_string}"},"query-input":{"@type":"PropertyValueSpecification","valueRequired":true,"valueName":"search_term_string"}}],"inLanguage":"en-US"}]}},"_links":{"self":[{"href":"https:\/\/sagardoarenlurraldea.eus\/en\/wp-json\/wp\/v2\/pages\/20029","targetHints":{"allow":["GET"]}}],"collection":[{"href":"https:\/\/sagardoarenlurraldea.eus\/en\/wp-json\/wp\/v2\/pages"}],"about":[{"href":"https:\/\/sagardoarenlurraldea.eus\/en\/wp-json\/wp\/v2\/types\/page"}],"author":[{"embeddable":true,"href":"https:\/\/sagardoarenlurraldea.eus\/en\/wp-json\/wp\/v2\/users\/1"}],"replies":[{"embeddable":true,"href":"https:\/\/sagardoarenlurraldea.eus\/en\/wp-json\/wp\/v2\/comments?post=20029"}],"version-history":[{"count":0,"href":"https:\/\/sagardoarenlurraldea.eus\/en\/wp-json\/wp\/v2\/pages\/20029\/revisions"}],"wp:attachment":[{"href":"https:\/\/sagardoarenlurraldea.eus\/en\/wp-json\/wp\/v2\/media?parent=20029"}],"curies":[{"name":"wp","href":"https:\/\/api.w.org\/{rel}","templated":true}]}}